{"id":2597,"date":"2025-11-27T20:23:27","date_gmt":"2025-11-27T20:23:27","guid":{"rendered":"https:\/\/criosphera.com\/criodachrisonline\/?page_id=2597"},"modified":"2025-11-27T20:26:50","modified_gmt":"2025-11-27T20:26:50","slug":"parabens-placas-evolution","status":"publish","type":"page","link":"https:\/\/criosphera.com\/criodachrisonline\/parabens-placas-evolution\/","title":{"rendered":"Parab\u00e9ns Placas Evolution"},"content":{"rendered":"\t\t<div data-elementor-type=\"wp-page\" data-elementor-id=\"2597\" class=\"elementor elementor-2597\" data-elementor-settings=\"{&quot;ha_cmc_init_switcher&quot;:&quot;no&quot;}\" data-elementor-post-type=\"page\">\n\t\t\t\t<div class=\"elementor-element elementor-element-4c37472e e-flex e-con-boxed e-con e-parent\" data-id=\"4c37472e\" data-element_type=\"container\" data-e-type=\"container\" data-settings=\"{&quot;background_background&quot;:&quot;classic&quot;,&quot;_ha_eqh_enable&quot;:false}\">\n\t\t\t\t\t<div class=\"e-con-inner\">\n\t\t<div class=\"elementor-element elementor-element-18541d2b e-con-full e-flex e-con e-child\" data-id=\"18541d2b\" data-element_type=\"container\" data-e-type=\"container\" data-settings=\"{&quot;_ha_eqh_enable&quot;:false}\">\n\t\t\t\t<div class=\"elementor-element elementor-element-533e308f elementor-widget__width-initial elementor-widget elementor-widget-image\" data-id=\"533e308f\" data-element_type=\"widget\" data-e-type=\"widget\" data-widget_type=\"image.default\">\n\t\t\t\t<div class=\"elementor-widget-container\">\n\t\t\t\t\t\t\t\t\t\t\t\t\t\t\t<img fetchpriority=\"high\" decoding=\"async\" width=\"683\" height=\"1024\" src=\"https:\/\/criosphera.com\/criodachrisonline\/wp-content\/uploads\/2025\/10\/ChatGPT-Image-16_10_2025-16_37_33-683x1024.webp\" class=\"attachment-large size-large wp-image-1995\" alt=\"\" \/>\t\t\t\t\t\t\t\t\t\t\t\t\t\t\t<\/div>\n\t\t\t\t<\/div>\n\t\t\t\t<div class=\"elementor-element elementor-element-1771b1f5 elementor-widget__width-initial elementor-widget elementor-widget-heading\" data-id=\"1771b1f5\" data-element_type=\"widget\" data-e-type=\"widget\" data-widget_type=\"heading.default\">\n\t\t\t\t<div class=\"elementor-widget-container\">\n\t\t\t\t\t<h2 class=\"elementor-heading-title elementor-size-default\">Parab\u00e9ns por sua inscri\u00e7\u00e3o! Em alguns minutos seu acesso estar\u00e1 em seu e-mail de compra.<\/h2>\t\t\t\t<\/div>\n\t\t\t\t<\/div>\n\t\t\t\t<div class=\"elementor-element elementor-element-549a93db elementor-widget elementor-widget-text-editor\" data-id=\"549a93db\" data-element_type=\"widget\" data-e-type=\"widget\" data-widget_type=\"text-editor.default\">\n\t\t\t\t<div class=\"elementor-widget-container\">\n\t\t\t\t\t\t\t\t\t<p>Entre em seu e-mail, confira em sua caixa de entrada e tamb\u00e9m no spam e entre pelo link do seu acesso.<\/p>\t\t\t\t\t\t\t\t<\/div>\n\t\t\t\t<\/div>\n\t\t\t\t<\/div>\n\t\t<div class=\"elementor-element elementor-element-6afc66c0 e-con-full e-flex e-con e-child\" data-id=\"6afc66c0\" data-element_type=\"container\" data-e-type=\"container\" data-settings=\"{&quot;_ha_eqh_enable&quot;:false}\">\n\t\t\t\t<\/div>\n\t\t\t\t\t<\/div>\n\t\t\t\t<\/div>\n\t\t<div class=\"elementor-element elementor-element-38aec382 e-flex e-con-boxed e-con e-parent\" data-id=\"38aec382\" data-element_type=\"container\" data-e-type=\"container\" data-settings=\"{&quot;background_background&quot;:&quot;classic&quot;,&quot;_ha_eqh_enable&quot;:false}\">\n\t\t\t\t\t<div class=\"e-con-inner\">\n\t\t<div class=\"elementor-element elementor-element-21723cac e-con-full e-flex e-con e-child\" data-id=\"21723cac\" data-element_type=\"container\" data-e-type=\"container\" data-settings=\"{&quot;_ha_eqh_enable&quot;:false}\">\n\t\t\t\t<div class=\"elementor-element elementor-element-4e515c19 elementor-widget elementor-widget-image\" data-id=\"4e515c19\" data-element_type=\"widget\" data-e-type=\"widget\" data-widget_type=\"image.default\">\n\t\t\t\t<div class=\"elementor-widget-container\">\n\t\t\t\t\t\t\t\t\t\t\t\t\t\t\t<img fetchpriority=\"high\" decoding=\"async\" width=\"683\" height=\"1024\" src=\"https:\/\/criosphera.com\/criodachrisonline\/wp-content\/uploads\/2025\/10\/ChatGPT-Image-16_10_2025-16_37_33-683x1024.webp\" class=\"attachment-large size-large wp-image-1995\" alt=\"\" \/>\t\t\t\t\t\t\t\t\t\t\t\t\t\t\t<\/div>\n\t\t\t\t<\/div>\n\t\t\t\t<\/div>\n\t\t<div class=\"elementor-element elementor-element-4ac6e282 e-con-full e-flex e-con e-child\" data-id=\"4ac6e282\" data-element_type=\"container\" data-e-type=\"container\" data-settings=\"{&quot;_ha_eqh_enable&quot;:false}\">\n\t\t\t\t<div class=\"elementor-element elementor-element-1eb69b6 elementor-widget elementor-widget-text-editor\" data-id=\"1eb69b6\" data-element_type=\"widget\" data-e-type=\"widget\" data-widget_type=\"text-editor.default\">\n\t\t\t\t<div class=\"elementor-widget-container\">\n\t\t\t\t\t\t\t\t\t<p>Copyright 2025 \u2013 Placas Evolution\u00ae<\/p>\t\t\t\t\t\t\t\t<\/div>\n\t\t\t\t<\/div>\n\t\t\t\t<\/div>\n\t\t<div class=\"elementor-element elementor-element-268ccb9c e-con-full e-flex e-con e-child\" data-id=\"268ccb9c\" data-element_type=\"container\" data-e-type=\"container\" data-settings=\"{&quot;_ha_eqh_enable&quot;:false}\">\n\t\t\t\t<div class=\"elementor-element elementor-element-2d809124 elementor-widget elementor-widget-html\" data-id=\"2d809124\" data-element_type=\"widget\" data-e-type=\"widget\" data-widget_type=\"html.default\">\n\t\t\t\t<div class=\"elementor-widget-container\">\n\t\t\t\t\t<script>\r\n  const getMarqueeNode = content => {\r\n  const el = document.createElement('div');\r\n  el.setAttribute('data-marquee-style', true);\r\n  el.textContent = content\r\n  return el;\r\n}\r\n\r\nclass Marquee {\r\n  constructor(el){\r\n    this.el = el;\r\n    this.content = el.getAttribute('data-marquee')\r\n    this.render();\r\n  }\r\n  \r\n  render(){\r\n    const shadow = getMarqueeNode(this.content);\r\n    shadow.setAttribute('data-marquee-shadow', true);\r\n\r\n    this.el.innerHTML = \"\";\r\n    this.el.appendChild(shadow);\r\n\r\n    const inView = this.calculateItemsInView(shadow);\r\n\r\n    const overflow = document.createElement('div');\r\n    overflow.setAttribute('data-marquee-overflow', true);\r\n    const content = document.createElement('div');\r\n    content.setAttribute('data-marquee-container', true);\r\n\r\n    overflow.appendChild(content);\r\n\r\n    const count = inView * 3;\r\n\r\n    for( var i = 0; i < count; i++) {\r\n      content.appendChild(getMarqueeNode(this.content))\r\n    }\r\n\r\n    this.el.appendChild(overflow);\r\n }\r\n  \r\n  calculateItemsInView(ref){\r\n    const [single, total] = [ref.clientWidth, ref.parentNode.clientWidth];\r\n    return Math.floor(total \/ single) + 1;\r\n  }\r\n}\r\n\r\nconst nodes = document.querySelectorAll('[data-marquee]')\r\nconst arr = Array.from(nodes);\r\nconst refs = (arr || []).map( node => new Marquee(node) );\r\n\r\nwindow.addEventListener( 'resize', () => refs.map( r => r.render() ) );\r\n<\/script>\r\n\r\n<script>\r\n    const elementos = document.querySelectorAll('.scroll-left, .scroll-right, .scroll-bottom, .scroll-top');\r\n    const posicaoScroll = window.innerHeight * 0.5;\r\n    \r\n    function fadeScroll(){\r\n        elementos.forEach((elemento) => {\r\n            const elementoTop = elemento.getBoundingClientRect().top - posicaoScroll;\r\n        if(elementoTop < 120) {\r\n            elemento.classList.add('ativo');\r\n        }\r\n        else {\r\n            elemento.classList.remove('ativo');\r\n        }\r\n        })\r\n    }\r\n    \r\n    window.addEventListener('scroll', fadeScroll);\r\n<\/script>\r\n\r\n<script src=\"https:\/\/cdnjs.cloudflare.com\/ajax\/libs\/smoothscroll\/1.4.10\/SmoothScroll.min.js\"><\/script>\t\t\t\t<\/div>\n\t\t\t\t<\/div>\n\t\t\t\t<\/div>\n\t\t\t\t\t<\/div>\n\t\t\t\t<\/div>\n\t\t\t\t<\/div>\n\t\t","protected":false},"excerpt":{"rendered":"<p>Parab\u00e9ns por sua inscri\u00e7\u00e3o! Em alguns minutos seu acesso estar\u00e1 em seu e-mail de compra. Entre em seu e-mail, confira em sua caixa de entrada e tamb\u00e9m no spam e entre pelo link do seu acesso. Copyright 2025 \u2013 Placas Evolution\u00ae<\/p>\n","protected":false},"author":2,"featured_media":0,"parent":0,"menu_order":0,"comment_status":"closed","ping_status":"closed","template":"elementor_canvas","meta":{"footnotes":""},"class_list":["post-2597","page","type-page","status-publish","hentry"],"_links":{"self":[{"href":"https:\/\/criosphera.com\/criodachrisonline\/wp-json\/wp\/v2\/pages\/2597","targetHints":{"allow":["GET"]}}],"collection":[{"href":"https:\/\/criosphera.com\/criodachrisonline\/wp-json\/wp\/v2\/pages"}],"about":[{"href":"https:\/\/criosphera.com\/criodachrisonline\/wp-json\/wp\/v2\/types\/page"}],"author":[{"embeddable":true,"href":"https:\/\/criosphera.com\/criodachrisonline\/wp-json\/wp\/v2\/users\/2"}],"replies":[{"embeddable":true,"href":"https:\/\/criosphera.com\/criodachrisonline\/wp-json\/wp\/v2\/comments?post=2597"}],"version-history":[{"count":7,"href":"https:\/\/criosphera.com\/criodachrisonline\/wp-json\/wp\/v2\/pages\/2597\/revisions"}],"predecessor-version":[{"id":2606,"href":"https:\/\/criosphera.com\/criodachrisonline\/wp-json\/wp\/v2\/pages\/2597\/revisions\/2606"}],"wp:attachment":[{"href":"https:\/\/criosphera.com\/criodachrisonline\/wp-json\/wp\/v2\/media?parent=2597"}],"curies":[{"name":"wp","href":"https:\/\/api.w.org\/{rel}","templated":true}]}}